{"id":24,"date":"2024-04-30T17:21:33","date_gmt":"2024-04-30T20:21:33","guid":{"rendered":"http:\/\/centroanafrank.com.ar\/tienda\/?post_type=product&#038;p=24"},"modified":"2025-12-19T10:48:40","modified_gmt":"2025-12-19T13:48:40","slug":"diario-de-ana-frank","status":"publish","type":"product","link":"https:\/\/centroanafrank.com.ar\/tienda\/producto\/diario-de-ana-frank\/","title":{"rendered":"Diario de Ana Frank"},"content":{"rendered":"<p><b>Autor:<\/b><span style=\"font-weight: 400\"> Frank, Ana<\/span><\/p>\n<p><span style=\"font-weight: 400\">Traducido por Diego Puls<\/span><\/p>\n<p><b>C\u00f3digo Universal del producto: <\/b><span style=\"font-weight: 400\">9789502331256<\/span><\/p>\n<p><b>Editorial:<\/b><span style=\"font-weight: 400\"> EUDEBA<\/span><\/p>\n<p><b>A\u00f1o de publicaci\u00f3n:<\/b><span style=\"font-weight: 400\"> 2021<\/span><\/p>\n<p><b>G\u00e9nero:<\/b><span style=\"font-weight: 400\"> Novela\/ Biograf\u00eda<\/span><\/p>\n<p><b>Cantidad de P\u00e1ginas:<\/b><span style=\"font-weight: 400\"> 299<\/span><\/p>\n<p><b>Descripci\u00f3n\/Sinopsis:<\/b><\/p>\n<p><span style=\"font-weight: 400\">Ana Frank relata en el Diario su deseo de ser periodista y escritora. Manifiesta su sue\u00f1o de publicar una novela acerca de su permanencia en el escondite que titular\u00eda \u00abLa casa de atr\u00e1s\u00bb.<\/span><\/p>\n<p><span style=\"font-weight: 400\">En esta oportunidad se publica la reescritura completa de la novela de Ana y, a continuaci\u00f3n, la \u00fanica versi\u00f3n existente de los textos que corresponden a los \u00faltimos cuatro meses de su vida en el escondite, entre el 29 de marzo y el 1 de agosto de 1944.<\/span><\/p>\n<p><span style=\"font-weight: 400\">Los textos est\u00e1n traducidos directamente del original neerland\u00e9s por el ganador del premio al traductor del Fondo de las Letras Neerlandesas, Diego Puls.<\/span><\/p>\n","protected":false},"excerpt":{"rendered":"<p>Autor: Frank, Ana Traducido por Diego Puls C\u00f3digo Universal del producto: 9789502331256 Editorial: EUDEBA A\u00f1o de publicaci\u00f3n: 2021 G\u00e9nero: Novela\/ [&hellip;]<\/p>\n","protected":false},"featured_media":41,"template":"","meta":{"site-sidebar-layout":"default","site-content-layout":"","ast-site-content-layout":"default","site-content-style":"default","site-sidebar-style":"default","ast-global-header-display":"","ast-banner-title-visibility":"","ast-main-header-display":"","ast-hfb-above-header-display":"","ast-hfb-below-header-display":"","ast-hfb-mobile-header-display":"","site-post-title":"","ast-breadcrumbs-content":"","ast-featured-img":"","footer-sml-layout":"","theme-transparent-header-meta":"default","adv-header-id-meta":"","stick-header-meta":"","header-above-stick-meta":"","header-main-stick-meta":"","header-below-stick-meta":"","astra-migrate-meta-layouts":"set","ast-page-background-enabled":"default","ast-page-background-meta":{"desktop":{"background-color":"var(--ast-global-color-4)","background-image":"","background-repeat":"repeat","background-position":"center center","background-size":"auto","background-attachment":"scroll","background-type":"","background-media":"","overlay-type":"","overlay-color":"","overlay-opacity":"","overlay-gradient":""},"tablet":{"background-color":"","background-image":"","background-repeat":"repeat","background-position":"center center","background-size":"auto","background-attachment":"scroll","background-type":"","background-media":"","overlay-type":"","overlay-color":"","overlay-opacity":"","overlay-gradient":""},"mobile":{"background-color":"","background-image":"","background-repeat":"repeat","background-position":"center center","background-size":"auto","background-attachment":"scroll","background-type":"","background-media":"","overlay-type":"","overlay-color":"","overlay-opacity":"","overlay-gradient":""}},"ast-content-background-meta":{"desktop":{"background-color":"var(--ast-global-color-5)","background-image":"","background-repeat":"repeat","background-position":"center center","background-size":"auto","background-attachment":"scroll","background-type":"","background-media":"","overlay-type":"","overlay-color":"","overlay-opacity":"","overlay-gradient":""},"tablet":{"background-color":"var(--ast-global-color-5)","background-image":"","background-repeat":"repeat","background-position":"center center","background-size":"auto","background-attachment":"scroll","background-type":"","background-media":"","overlay-type":"","overlay-color":"","overlay-opacity":"","overlay-gradient":""},"mobile":{"background-color":"var(--ast-global-color-5)","background-image":"","background-repeat":"repeat","background-position":"center center","background-size":"auto","background-attachment":"scroll","background-type":"","background-media":"","overlay-type":"","overlay-color":"","overlay-opacity":"","overlay-gradient":""}}},"product_brand":[],"product_cat":[18],"product_tag":[],"class_list":{"0":"post-24","1":"product","2":"type-product","3":"status-publish","4":"has-post-thumbnail","6":"product_cat-libros","7":"desktop-align-left","8":"tablet-align-left","9":"mobile-align-left","11":"first","12":"instock","13":"featured","14":"shipping-taxable","15":"purchasable","16":"product-type-simple"},"_links":{"self":[{"href":"https:\/\/centroanafrank.com.ar\/tienda\/wp-json\/wp\/v2\/product\/24","targetHints":{"allow":["GET"]}}],"collection":[{"href":"https:\/\/centroanafrank.com.ar\/tienda\/wp-json\/wp\/v2\/product"}],"about":[{"href":"https:\/\/centroanafrank.com.ar\/tienda\/wp-json\/wp\/v2\/types\/product"}],"wp:featuredmedia":[{"embeddable":true,"href":"https:\/\/centroanafrank.com.ar\/tienda\/wp-json\/wp\/v2\/media\/41"}],"wp:attachment":[{"href":"https:\/\/centroanafrank.com.ar\/tienda\/wp-json\/wp\/v2\/media?parent=24"}],"wp:term":[{"taxonomy":"product_brand","embeddable":true,"href":"https:\/\/centroanafrank.com.ar\/tienda\/wp-json\/wp\/v2\/product_brand?post=24"},{"taxonomy":"product_cat","embeddable":true,"href":"https:\/\/centroanafrank.com.ar\/tienda\/wp-json\/wp\/v2\/product_cat?post=24"},{"taxonomy":"product_tag","embeddable":true,"href":"https:\/\/centroanafrank.com.ar\/tienda\/wp-json\/wp\/v2\/product_tag?post=24"}],"curies":[{"name":"wp","href":"https:\/\/api.w.org\/{rel}","templated":true}]}}